
{"id":372,"date":"2024-05-26T17:28:02","date_gmt":"2024-05-26T15:28:02","guid":{"rendered":"https:\/\/greenfields.sprycore.pl\/?page_id=372"},"modified":"2025-07-31T08:39:19","modified_gmt":"2025-07-31T06:39:19","slug":"case-studies","status":"publish","type":"page","link":"https:\/\/greenfields.pl\/en\/case-studies\/","title":{"rendered":"Case Studies"},"content":{"rendered":"\t\t<div data-elementor-type=\"wp-page\" data-elementor-id=\"372\" class=\"elementor elementor-372\" data-elementor-post-type=\"page\">\n\t\t\t\t<div class=\"elementor-element elementor-element-1cfc8cb e-con-full e-flex e-con e-parent\" data-id=\"1cfc8cb\" data-element_type=\"container\" data-settings=\"{&quot;background_background&quot;:&quot;video&quot;,&quot;background_video_link&quot;:&quot;https:\\\/\\\/youtu.be\\\/2XhUz01VYOA?controls=false&quot;,&quot;background_play_on_mobile&quot;:&quot;yes&quot;,&quot;background_privacy_mode&quot;:&quot;yes&quot;}\">\n\t\t<div class=\"elementor-background-video-container\" aria-hidden=\"true\">\n\t\t\t\t\t\t\t<div class=\"elementor-background-video-embed\"><\/div>\n\t\t\t\t\t\t<\/div>\t\t<div class=\"elementor-element elementor-element-5460ebb elementor-widget elementor-widget-Hero Widget\" data-id=\"5460ebb\" data-element_type=\"widget\" data-widget_type=\"Hero Widget.default\">\n\t\t\t\t<div class=\"elementor-widget-container\">\n\t\t\t\t\t\n        <main class=\"text-white relative\">\n            <div class=\"min-h-[605px] px-[49px] xl:min-h-[993px] max-w-[1920px] w-full m-auto flex flex-col justify-between pb-[37px] pt-[300px] xl:pt-[551px] xl:pb-[55px] xl:pl-[129px] xl:pr-[113px]\">\n                <h1 class=\"text-[36px] font-semibold leading-[36px] tracking-m50 lg:text-[80px] lg:leading-[80px]\">\n                                         Excellent Results                                                                <br\/><span class=\"font-light\">of Our Work<\/span>\n                                    <\/h1>\n                        <\/main>\n        \t\t\t\t<\/div>\n\t\t\t\t<\/div>\n\t\t\t\t<\/div>\n\t\t<div class=\"elementor-element elementor-element-76deacf e-con-full e-flex e-con e-parent\" data-id=\"76deacf\" data-element_type=\"container\">\n\t\t\t\t<div class=\"elementor-element elementor-element-b3b97ab elementor-widget elementor-widget-case_studies_list\" data-id=\"b3b97ab\" data-element_type=\"widget\" data-widget_type=\"case_studies_list.default\">\n\t\t\t\t<div class=\"elementor-widget-container\">\n\t\t\t\t\t            <div class=\"max-w-[1920px] w-full m-auto flex flex-col xl:px-[140px] items-center xl:py-[130px] xl:odd:bg-gf-grey-300\">\n                <div class=\"w-full xl:flex xl:flex-row-reverse xl:items-start xl:justify-between xl:gap-[136px]\">\n                    <div style=\"--bg-url: url('https:\/\/greenfields.pl\/wp-content\/uploads\/2025\/04\/2023-01-09-U1B.jpg');\" class=\"bg-[image:var(--bg-url)] bg-cover min-h-[302px] xl:min-h-[628px] max-w-[901px] w-full text-white pt-[40px] flex xl:pt-[200px]\">\n                        <div class=\"image-gradient flex flex-col items-center justify-end pb-[42px] px-[50px] flex-1\">\n                            <p class=\"text-[60px] leading-[50px] font-semibold\">16 500<\/p>\n                            <span>sqm usable area<\/span>\n                        <\/div>\n                    <\/div>\n                    <div class=\"xl:max-w-[504px] w-full px-[43px] pt-[28px] pb-[45px] flex flex-row gap-[45px] justify-between items-center xl:flex-col xl:items-start xl:min-h-[628px] xl:p-0\">\n                        <div>\n                                                        <p class=\"text-[24px] leading-[36px] xl:text-[48px] xl:leading-[48px]\">Nowa Bie\u017cu\u0144ska<\/p>\n                        <\/div>\n                        <div class=\"relative\">\n                            <div class=\"hidden after:absolute after:bottom-0 after:bg-gf-black-100 after:h-[1px] after:left-0 after:w-[30%] before:absolute before:bottom-0 before:bg-gf-black-100 before:h-[1px] before:right-0 before:w-[30%] xl:block border-[1px] border-gf-black-100 pt-[76px] border-b-0 pb-[86px] pl-[81px] pr-[55px] text-[24px] leading-[36px]\">\n                                                                    <p class=\"pb-[24px]\">We carried out a comprehensive project to increase land value and prepare the site for investment, including analyses, formal arrangements, and sales support. At the same time, we engaged with the local community through consultations, revitalization efforts, and the design of public infrastructure.<\/p>\n                                                            <\/div>\n                            <a href=\"https:\/\/greenfields.pl\/en\/biezunska\/\" class=\"btn arrow xl:absolute xl:bottom-0 right-[50%] xl:translate-x-[50%] xl:translate-y-[50%]\"><i\n                                        class=\"bg-icon-arrow-right w-[51px] h-[51px] inline-block bg-cover\"><\/i><\/a>\n                        <\/div>\n\n                    <\/div>\n                <\/div>\n            <\/div>\n                    <div class=\"max-w-[1920px] w-full m-auto flex flex-col xl:px-[140px] items-center xl:py-[130px] xl:odd:bg-gf-grey-300\">\n                <div class=\"w-full xl:flex xl:flex-row-reverse xl:items-start xl:justify-between xl:gap-[136px]\">\n                    <div style=\"--bg-url: url('https:\/\/greenfields.pl\/wp-content\/uploads\/2024\/05\/DSC_7445a.jpg');\" class=\"bg-[image:var(--bg-url)] bg-cover min-h-[302px] xl:min-h-[628px] max-w-[901px] w-full text-white pt-[40px] flex xl:pt-[200px]\">\n                        <div class=\"image-gradient flex flex-col items-center justify-end pb-[42px] px-[50px] flex-1\">\n                            <p class=\"text-[60px] leading-[50px] font-semibold\">15 500<\/p>\n                            <span>sqm usable area<\/span>\n                        <\/div>\n                    <\/div>\n                    <div class=\"xl:max-w-[504px] w-full px-[43px] pt-[28px] pb-[45px] flex flex-row gap-[45px] justify-between items-center xl:flex-col xl:items-start xl:min-h-[628px] xl:p-0\">\n                        <div>\n                                                        <p class=\"text-[24px] leading-[36px] xl:text-[48px] xl:leading-[48px]\">Strefa Wilan\u00f3w<\/p>\n                        <\/div>\n                        <div class=\"relative\">\n                            <div class=\"hidden after:absolute after:bottom-0 after:bg-gf-black-100 after:h-[1px] after:left-0 after:w-[30%] before:absolute before:bottom-0 before:bg-gf-black-100 before:h-[1px] before:right-0 before:w-[30%] xl:block border-[1px] border-gf-black-100 pt-[76px] border-b-0 pb-[86px] pl-[81px] pr-[55px] text-[24px] leading-[36px]\">\n                                                                    <p class=\"pb-[24px]\">Selling the plot was a big challenge, as there was the shell of an unfinished housing development located on the plot. Acting on behalf of the owner of the site, we acquired, verified and recommended the buyer<\/p>\n                                                            <\/div>\n                            <a href=\"https:\/\/greenfields.pl\/en\/k-kieslowskiego-5\/\" class=\"btn arrow xl:absolute xl:bottom-0 right-[50%] xl:translate-x-[50%] xl:translate-y-[50%]\"><i\n                                        class=\"bg-icon-arrow-right w-[51px] h-[51px] inline-block bg-cover\"><\/i><\/a>\n                        <\/div>\n\n                    <\/div>\n                <\/div>\n            <\/div>\n                    <div class=\"max-w-[1920px] w-full m-auto flex flex-col xl:px-[140px] items-center xl:py-[130px] xl:odd:bg-gf-grey-300\">\n                <div class=\"w-full xl:flex xl:flex-row-reverse xl:items-start xl:justify-between xl:gap-[136px]\">\n                    <div style=\"--bg-url: url('https:\/\/greenfields.pl\/wp-content\/uploads\/2024\/05\/wilenska_list.jpg');\" class=\"bg-[image:var(--bg-url)] bg-cover min-h-[302px] xl:min-h-[628px] max-w-[901px] w-full text-white pt-[40px] flex xl:pt-[200px]\">\n                        <div class=\"image-gradient flex flex-col items-center justify-end pb-[42px] px-[50px] flex-1\">\n                            <p class=\"text-[60px] leading-[50px] font-semibold\">14 000<\/p>\n                            <span>sqm usable area<\/span>\n                        <\/div>\n                    <\/div>\n                    <div class=\"xl:max-w-[504px] w-full px-[43px] pt-[28px] pb-[45px] flex flex-row gap-[45px] justify-between items-center xl:flex-col xl:items-start xl:min-h-[628px] xl:p-0\">\n                        <div>\n                                                            <span class=\"text-[12px] leading-[24px] xl:text-[24px]\">SOLD<\/span>\n                                                        <p class=\"text-[24px] leading-[36px] xl:text-[48px] xl:leading-[48px]\">Wile\u0144ska Express<\/p>\n                        <\/div>\n                        <div class=\"relative\">\n                            <div class=\"hidden after:absolute after:bottom-0 after:bg-gf-black-100 after:h-[1px] after:left-0 after:w-[30%] before:absolute before:bottom-0 before:bg-gf-black-100 before:h-[1px] before:right-0 before:w-[30%] xl:block border-[1px] border-gf-black-100 pt-[76px] border-b-0 pb-[86px] pl-[81px] pr-[55px] text-[24px] leading-[36px]\">\n                                                                    <p class=\"pb-[24px]\">At the request of Przewozy Regionalne, we organised a tender for the sale of the plot<\/p>\n                                                                    <p class=\"pb-[24px]\">We acted as an agent in the sale of the property<\/p>\n                                                            <\/div>\n                            <a href=\"https:\/\/greenfields.pl\/en\/wilenska-14a\/\" class=\"btn arrow xl:absolute xl:bottom-0 right-[50%] xl:translate-x-[50%] xl:translate-y-[50%]\"><i\n                                        class=\"bg-icon-arrow-right w-[51px] h-[51px] inline-block bg-cover\"><\/i><\/a>\n                        <\/div>\n\n                    <\/div>\n                <\/div>\n            <\/div>\n                    <div class=\"max-w-[1920px] w-full m-auto flex flex-col xl:px-[140px] items-center xl:py-[130px] xl:odd:bg-gf-grey-300\">\n                <div class=\"w-full xl:flex xl:flex-row-reverse xl:items-start xl:justify-between xl:gap-[136px]\">\n                    <div style=\"--bg-url: url('https:\/\/greenfields.pl\/wp-content\/uploads\/2024\/05\/kostograj_list1.jpg');\" class=\"bg-[image:var(--bg-url)] bg-cover min-h-[302px] xl:min-h-[628px] max-w-[901px] w-full text-white pt-[40px] flex xl:pt-[200px]\">\n                        <div class=\"image-gradient flex flex-col items-center justify-end pb-[42px] px-[50px] flex-1\">\n                            <p class=\"text-[60px] leading-[50px] font-semibold\">63 454<\/p>\n                            <span>sqm usable area<\/span>\n                        <\/div>\n                    <\/div>\n                    <div class=\"xl:max-w-[504px] w-full px-[43px] pt-[28px] pb-[45px] flex flex-row gap-[45px] justify-between items-center xl:flex-col xl:items-start xl:min-h-[628px] xl:p-0\">\n                        <div>\n                                                            <span class=\"text-[12px] leading-[24px] xl:text-[24px]\">SOLD<\/span>\n                                                        <p class=\"text-[24px] leading-[36px] xl:text-[48px] xl:leading-[48px]\">Osiedle Kostrogaj<\/p>\n                        <\/div>\n                        <div class=\"relative\">\n                            <div class=\"hidden after:absolute after:bottom-0 after:bg-gf-black-100 after:h-[1px] after:left-0 after:w-[30%] before:absolute before:bottom-0 before:bg-gf-black-100 before:h-[1px] before:right-0 before:w-[30%] xl:block border-[1px] border-gf-black-100 pt-[76px] border-b-0 pb-[86px] pl-[81px] pr-[55px] text-[24px] leading-[36px]\">\n                                                                    <p class=\"pb-[24px]\">We obtained a special housing resolution<\/p>\n                                                                    <p class=\"pb-[24px]\">We carried out a number of arrangements, including road and educational arrangements<\/p>\n                                                            <\/div>\n                            <a href=\"https:\/\/greenfields.pl\/en\/osiedle-kostrogaj\/\" class=\"btn arrow xl:absolute xl:bottom-0 right-[50%] xl:translate-x-[50%] xl:translate-y-[50%]\"><i\n                                        class=\"bg-icon-arrow-right w-[51px] h-[51px] inline-block bg-cover\"><\/i><\/a>\n                        <\/div>\n\n                    <\/div>\n                <\/div>\n            <\/div>\n                    <div class=\"max-w-[1920px] w-full m-auto flex flex-col xl:px-[140px] items-center xl:py-[130px] xl:odd:bg-gf-grey-300\">\n                <div class=\"w-full xl:flex xl:flex-row-reverse xl:items-start xl:justify-between xl:gap-[136px]\">\n                    <div style=\"--bg-url: url('https:\/\/greenfields.pl\/wp-content\/uploads\/2024\/05\/gdanska_hero.jpg');\" class=\"bg-[image:var(--bg-url)] bg-cover min-h-[302px] xl:min-h-[628px] max-w-[901px] w-full text-white pt-[40px] flex xl:pt-[200px]\">\n                        <div class=\"image-gradient flex flex-col items-center justify-end pb-[42px] px-[50px] flex-1\">\n                            <p class=\"text-[60px] leading-[50px] font-semibold\">4 600<\/p>\n                            <span>sqm usable area<\/span>\n                        <\/div>\n                    <\/div>\n                    <div class=\"xl:max-w-[504px] w-full px-[43px] pt-[28px] pb-[45px] flex flex-row gap-[45px] justify-between items-center xl:flex-col xl:items-start xl:min-h-[628px] xl:p-0\">\n                        <div>\n                                                            <span class=\"text-[12px] leading-[24px] xl:text-[24px]\">SOLD<\/span>\n                                                        <p class=\"text-[24px] leading-[36px] xl:text-[48px] xl:leading-[48px]\">Gda\u0144ska<\/p>\n                        <\/div>\n                        <div class=\"relative\">\n                            <div class=\"hidden after:absolute after:bottom-0 after:bg-gf-black-100 after:h-[1px] after:left-0 after:w-[30%] before:absolute before:bottom-0 before:bg-gf-black-100 before:h-[1px] before:right-0 before:w-[30%] xl:block border-[1px] border-gf-black-100 pt-[76px] border-b-0 pb-[86px] pl-[81px] pr-[55px] text-[24px] leading-[36px]\">\n                                                                    <p class=\"pb-[24px]\">At the request of the owners of the site, we comprehensively prepared a new residential investment project<\/p>\n                                                                    <p class=\"pb-[24px]\">We valued the property and represented the owners during the transaction for the sale of the land<\/p>\n                                                            <\/div>\n                            <a href=\"https:\/\/greenfields.pl\/en\/gdanska-5-7\/\" class=\"btn arrow xl:absolute xl:bottom-0 right-[50%] xl:translate-x-[50%] xl:translate-y-[50%]\"><i\n                                        class=\"bg-icon-arrow-right w-[51px] h-[51px] inline-block bg-cover\"><\/i><\/a>\n                        <\/div>\n\n                    <\/div>\n                <\/div>\n            <\/div>\n        \t\t\t\t<\/div>\n\t\t\t\t<\/div>\n\t\t\t\t<\/div>\n\t\t<div class=\"elementor-element elementor-element-fbde4cb e-con-full e-flex e-con e-parent\" data-id=\"fbde4cb\" data-element_type=\"container\">\n\t\t<div class=\"elementor-element elementor-element-b53d4d5 e-con-full e-flex e-con e-child\" data-id=\"b53d4d5\" data-element_type=\"container\" data-settings=\"{&quot;background_background&quot;:&quot;classic&quot;}\">\n\t\t\t\t<div class=\"elementor-element elementor-element-becc3de animated-slow elementor-invisible elementor-widget elementor-widget-Person Widget\" data-id=\"becc3de\" data-element_type=\"widget\" data-settings=\"{&quot;_animation&quot;:&quot;fadeIn&quot;}\" data-widget_type=\"Person Widget.default\">\n\t\t\t\t<div class=\"elementor-widget-container\">\n\t\t\t\t\t\n        <div class=\"min-h-[295px] xl:min-h-[530px] h-full\">\n            <div class=\"px-[42px] pt-[42px] pb-[25px] xl:px-[140px] xl:pt-[105px] xl:pb-[76px] flex flex-col justify-between gap-[10px] xl:gap-[40px] h-full\">\n                <div class=\"text-[24px] leading-[28px] tracking-m50 font-light lg:font-normal text-white lg:text-[36px] lg:leading-[42px] max-w-[200px] xl:max-w-[344px]\"><p>Do you want to sell plot or talk about other cooperation opportunities?<\/p><\/div>\n                <div class=\"flex flex-col gap-[10px]\">\n                    <p class=\"hidden xl:block font-semibold text-[12px] lg:text-[18px] text-white leading-[18px] lg:leading-[24px]\">Justyna Cymerman <br \/><span class=\"font-light\">Urban Department Director<\/span><\/p>\n                                    <\/div>\n\n                                    <a  href=\"\/contact\/#contact-team\"\n                                                                                                 class=\"btn primary bg-gf-green-500 py-[10px] px-[15px] inline-block text-white max-w-[196px] w-full\">Contact me<\/a>\n                            <\/div>\n        <\/div>\n        \t\t\t\t<\/div>\n\t\t\t\t<\/div>\n\t\t\t\t<\/div>\n\t\t<div class=\"elementor-element elementor-element-1ba10c2 e-con-full e-flex e-con e-child\" data-id=\"1ba10c2\" data-element_type=\"container\" data-settings=\"{&quot;background_background&quot;:&quot;classic&quot;}\">\n\t\t\t\t<div class=\"elementor-element elementor-element-c6b2bcc animated-slow elementor-invisible elementor-widget elementor-widget-Person Widget\" data-id=\"c6b2bcc\" data-element_type=\"widget\" data-settings=\"{&quot;_animation&quot;:&quot;fadeIn&quot;}\" data-widget_type=\"Person Widget.default\">\n\t\t\t\t<div class=\"elementor-widget-container\">\n\t\t\t\t\t\n        <div class=\"min-h-[295px] xl:min-h-[530px] h-full\">\n            <div class=\"px-[42px] pt-[42px] pb-[25px] xl:px-[140px] xl:pt-[105px] xl:pb-[76px] flex flex-col justify-between gap-[10px] xl:gap-[40px] h-full\">\n                <div class=\"text-[24px] leading-[28px] tracking-m50 font-light lg:font-normal text-white lg:text-[36px] lg:leading-[42px] max-w-[200px] xl:max-w-[344px]\"><p>Do you need land for your expansion project?<\/p><\/div>\n                <div class=\"flex flex-col gap-[10px]\">\n                    <p class=\"hidden xl:block font-semibold text-[12px] lg:text-[18px] text-white leading-[18px] lg:leading-[24px]\">Micha\u0142 R\u00f3\u017aycki <br \/><span class=\"font-light\">Land Department Director<\/span><\/p>\n                                    <\/div>\n\n                                    <a  href=\"\/contact\/#contact-team\"\n                                                                                                 class=\"btn primary bg-gf-green-500 py-[10px] px-[15px] inline-block text-white max-w-[196px] w-full\">Contact me<\/a>\n                            <\/div>\n        <\/div>\n        \t\t\t\t<\/div>\n\t\t\t\t<\/div>\n\t\t\t\t<\/div>\n\t\t\t\t<\/div>\n\t\t<div class=\"elementor-element elementor-element-53dc245 e-con-full e-flex e-con e-parent\" data-id=\"53dc245\" data-element_type=\"container\">\n\t\t\t\t<div class=\"elementor-element elementor-element-0cbcedf elementor-widget elementor-widget-news_widget\" data-id=\"0cbcedf\" data-element_type=\"widget\" data-widget_type=\"news_widget.default\">\n\t\t\t\t<div class=\"elementor-widget-container\">\n\t\t\t\t\t\n        <article>\n            <div class=\"max-w-[1920px] m-auto w-full xl:px-[140px] xl:flex relative\">\n                <div class=\"xl:pt-[145px] xl:pr-[120px] px-[32px] py-[40px] md:px-0 xl:w-1\/4 after:hidden text-center xl:text-left after:absolute after:xl:block after:w-1\/4 after:h-full after:bg-gf-grey-300 after:-z-10 after:left-0 after:top-0 xl:bg-gf-grey-300\">\n                    <h2 class=\"text-gf-green-500 font-light text-[32px] tracking-m50 leading-[33px] pb-[19px] lg:text-[48px] lg:leading-[36px] xl:pb-[36px]\">News<\/h2>\n                    <p class=\"text-[12px] leading-[14px] text-gf-black pb-[18px] xl:text-[18px] xl:leading-[20px] 2xl:leading-[36px] 2xl:text-[24px] xl:pb-[36px]\">In our news section, we regularly publish the latest information, events, and interesting facts from our activities and industry.<\/p>\n                    <p class=\"text-[12px] leading-[14px] text-gf-black font-bold xl:text-[18px] xl:leading-[20px] 2xl:text-[24px] 2xl:leading-[36px] xl:pb-[36px]\">Follow our website to stay up to date with our latest achievements and events<\/p>\n                <\/div>\n                <div class=\"xl:pt-[145px] xl:pl-[67px] flex flex-col pb-[111px] xl:w-3\/4 max-lg:max-w-[371px] m-auto\">\n                    <div class=\"flex flex-col lg:flex-row lg:gap-[10px] xl:gap-[27px]\">\n                                                    <div class=\"xl:max-w-[370px] flex-1 flex flex-col\">\n                                <div class=\"max-h-[246px]\">\n                                    <img decoding=\"async\" src=\"https:\/\/greenfields.pl\/wp-content\/uploads\/2026\/04\/2026-04-27.jpg\" alt=\"news_1\" class=\"m-auto aspect-news-widget max-h-[246px]\" \/>\n                                <\/div>\n\n                                <div class=\"px-[55px] py-[49px] xl:px-0 xl:py-[35px] flex flex-col items-center xl:items-start flex-1\">\n                                    <span class=\"self-start mb-[8px] font-light text-[14px] leading-[24px]\">2026-04-27<\/span>\n                                    <h3 class=\"font-semibold text-[18px] leading-[24px] xl:pb-[24px]\">European Economic Congress 2026<\/h3>\n                                    <div class=\"font-light text-[18px] leading-[24px] mb-[20px] xl:mb-[48px]\">The EEC 2026 conference in Katowice truly began with a farewell\u2026 to what we had known so far - a world that felt familiar, predictable, and in which, for many years, we operated with a sense of relative security.<\/div>\n                                    <a href=\"https:\/\/greenfields.pl\/en\/european-economic-congress-2026\/\" class=\"mt-auto\"><i class=\"bg-icon-arrow-right w-[37px] h-[37px] inline-block bg-cover\"><\/i><\/a>\n                                <\/div>\n                            <\/div>\n                                                    <div class=\"xl:max-w-[370px] flex-1 flex flex-col\">\n                                <div class=\"max-h-[246px]\">\n                                    <img decoding=\"async\" src=\"https:\/\/greenfields.pl\/wp-content\/uploads\/2026\/04\/a7874e3d-d98d-4e74-9bfb-8f3747d88d78-1.jpg\" alt=\"news_1\" class=\"m-auto aspect-news-widget max-h-[246px]\" \/>\n                                <\/div>\n\n                                <div class=\"px-[55px] py-[49px] xl:px-0 xl:py-[35px] flex flex-col items-center xl:items-start flex-1\">\n                                    <span class=\"self-start mb-[8px] font-light text-[14px] leading-[24px]\">2026-04-21<\/span>\n                                    <h3 class=\"font-semibold text-[18px] leading-[24px] xl:pb-[24px]\">Aleksandra Wo\u0142od\u017ako\u2019s report from the Gateway Poland 2026<\/h3>\n                                    <div class=\"font-light text-[18px] leading-[24px] mb-[20px] xl:mb-[48px]\">This time, I won\u2019t be writing about how wonderful Gateway Poland 2026 was - although it truly was.<\/div>\n                                    <a href=\"https:\/\/greenfields.pl\/en\/aleksandra-wolodzkos-report-from-the-gateway-poland-2026\/\" class=\"mt-auto\"><i class=\"bg-icon-arrow-right w-[37px] h-[37px] inline-block bg-cover\"><\/i><\/a>\n                                <\/div>\n                            <\/div>\n                                                    <div class=\"xl:max-w-[370px] flex-1 flex flex-col\">\n                                <div class=\"max-h-[246px]\">\n                                    <img decoding=\"async\" src=\"https:\/\/greenfields.pl\/wp-content\/uploads\/2026\/04\/2025-04-16.jpg\" alt=\"news_1\" class=\"m-auto aspect-news-widget max-h-[246px]\" \/>\n                                <\/div>\n\n                                <div class=\"px-[55px] py-[49px] xl:px-0 xl:py-[35px] flex flex-col items-center xl:items-start flex-1\">\n                                    <span class=\"self-start mb-[8px] font-light text-[14px] leading-[24px]\">2026-04-16<\/span>\n                                    <h3 class=\"font-semibold text-[18px] leading-[24px] xl:pb-[24px]\">Gateway Poland 2026<\/h3>\n                                    <div class=\"font-light text-[18px] leading-[24px] mb-[20px] xl:mb-[48px]\">We would like to share a few key points that best capture the spirit of the second, very intensive day of the Gateway Poland 2026 conference organized by PLDCA:<\/div>\n                                    <a href=\"https:\/\/greenfields.pl\/en\/gateway-poland-2026-2\/\" class=\"mt-auto\"><i class=\"bg-icon-arrow-right w-[37px] h-[37px] inline-block bg-cover\"><\/i><\/a>\n                                <\/div>\n                            <\/div>\n                                            <\/div>\n                                            <a href=\"\/news\/\" class=\"btn primary bg-gf-green-500 py-[10px] px-[15px] inline-block text-white max-w-[252px] w-full text-center font-light text-[20px] leading-[33px] self-center mt-[44px] xl:self-start\">View all news<\/a>\n                                    <\/div>\n            <\/div>\n        <\/article>\n        \t\t\t\t<\/div>\n\t\t\t\t<\/div>\n\t\t\t\t<\/div>\n\t\t\t\t<\/div>\n\t\t","protected":false},"excerpt":{"rendered":"<p>Excellent Results of Our Work 16 500 sqm usable area Nowa Bie\u017cu\u0144ska We carried out a comprehensive project to increase land value and prepare the site for investment, including analyses, formal arrangements, and sales support. At the same time, we engaged with the local community through consultations, revitalization efforts, and the design of public infrastructure. [&hellip;]<\/p>\n","protected":false},"author":3,"featured_media":0,"parent":0,"menu_order":0,"comment_status":"closed","ping_status":"closed","template":"","meta":{"_acf_changed":false,"_seopress_robots_primary_cat":"","_seopress_titles_title":"","_seopress_titles_desc":"","_seopress_robots_index":"","footnotes":""},"class_list":["post-372","page","type-page","status-publish","hentry"],"acf":[],"_links":{"self":[{"href":"https:\/\/greenfields.pl\/en\/wp-json\/wp\/v2\/pages\/372","targetHints":{"allow":["GET"]}}],"collection":[{"href":"https:\/\/greenfields.pl\/en\/wp-json\/wp\/v2\/pages"}],"about":[{"href":"https:\/\/greenfields.pl\/en\/wp-json\/wp\/v2\/types\/page"}],"author":[{"embeddable":true,"href":"https:\/\/greenfields.pl\/en\/wp-json\/wp\/v2\/users\/3"}],"replies":[{"embeddable":true,"href":"https:\/\/greenfields.pl\/en\/wp-json\/wp\/v2\/comments?post=372"}],"version-history":[{"count":102,"href":"https:\/\/greenfields.pl\/en\/wp-json\/wp\/v2\/pages\/372\/revisions"}],"predecessor-version":[{"id":27179,"href":"https:\/\/greenfields.pl\/en\/wp-json\/wp\/v2\/pages\/372\/revisions\/27179"}],"wp:attachment":[{"href":"https:\/\/greenfields.pl\/en\/wp-json\/wp\/v2\/media?parent=372"}],"curies":[{"name":"wp","href":"https:\/\/api.w.org\/{rel}","templated":true}]}}