
{"id":378,"date":"2024-05-26T17:28:29","date_gmt":"2024-05-26T15:28:29","guid":{"rendered":"https:\/\/greenfields.sprycore.pl\/?page_id=378"},"modified":"2024-11-06T10:18:43","modified_gmt":"2024-11-06T09:18:43","slug":"contact","status":"publish","type":"page","link":"https:\/\/greenfields.pl\/en\/contact\/","title":{"rendered":"Contact"},"content":{"rendered":"\t\t<div data-elementor-type=\"wp-page\" data-elementor-id=\"378\" class=\"elementor elementor-378\" data-elementor-post-type=\"page\">\n\t\t\t\t<div class=\"elementor-element elementor-element-d9c1e58 e-con-full e-flex e-con e-parent\" data-id=\"d9c1e58\" data-element_type=\"container\" data-settings=\"{&quot;background_background&quot;:&quot;classic&quot;}\">\n\t\t<div class=\"elementor-element elementor-element-e7f55f7 e-con-full e-flex e-con e-child\" data-id=\"e7f55f7\" data-element_type=\"container\">\n\t\t\t\t<div class=\"elementor-element elementor-element-e5227dc animated-slow elementor-invisible elementor-widget elementor-widget-page_header_widget\" data-id=\"e5227dc\" data-element_type=\"widget\" data-settings=\"{&quot;_animation&quot;:&quot;fadeIn&quot;}\" data-widget_type=\"page_header_widget.default\">\n\t\t\t\t<div class=\"elementor-widget-container\">\n\t\t\t\t\t        <div class=\"xl:min-h-[841px] px-[50px] pt-[51px] pb-[66px] max-w-[1920px] w-full m-auto text-center xl:text-left xl:px-[140px] xl:flex xl:flex-col xl:gap-[30px] xl:justify-center xl:m-0 xl:h-[inherit] group skin-large\">\n            <span class=\"hidden xl:block text-[24px] leading-[24px] font-semibold pb-[10px]\">Contact us<\/span>\n            <h2 class=\"text-[30px] font-light leading-[30px] pb-[22px] text-gf-green-700 xl:text-[48px] lg:tracking-m50 xl:leading-[54px] lg:text-gf-green-500 lg:group-[.skin-small]:text-[36px] lg:group-[.skin-small]:leading-[48px]\"><p><span style=\"color: #000000;\"><strong>Do you want<br \/><\/strong><\/span><span style=\"color: #000000;\"><strong>to sell plot<\/strong><br \/>or talk about<br \/>other opportunities?<\/span><\/p><\/h2>\n            <div class=\"text-[13px] leading-[18px] pb-[31px] text-gf-grey-500 lg:text-[24px] lg:leading-[36px]\"><p><img decoding=\"async\" class=\"alignnone wp-image-924\" src=\"\/wp-content\/uploads\/2024\/05\/logo_black.svg\" alt=\"\" width=\"245\" height=\"23\" \/><\/p><p>\u00a0<\/p><p><span style=\"color: #000000;\"><a href=\"tel:+48223976900\">+48 (22) 3976900<\/a><\/span><br \/><span style=\"color: #000000;\"><a href=\"mailto:office@greenfields.pl\">office@greenfields.pl<\/a><\/span><\/p><p>\u00a0<\/p><p><span style=\"color: #000000;\"><strong>Metropolitan Office Building<br \/><\/strong><\/span><span style=\"color: #000000;\">pl. Pi\u0142sudskiego 1<\/span><br \/><span style=\"color: #000000;\">00-078 Warsaw<\/span><\/p><\/div>\n                                <\/div>\n        \t\t\t\t<\/div>\n\t\t\t\t<\/div>\n\t\t\t\t<\/div>\n\t\t<div class=\"elementor-element elementor-element-80b4f57 e-con-full e-flex e-con e-child\" data-id=\"80b4f57\" data-element_type=\"container\" data-settings=\"{&quot;background_background&quot;:&quot;classic&quot;}\">\n\t\t\t\t<\/div>\n\t\t\t\t<\/div>\n\t\t<div class=\"elementor-element elementor-element-2d4a1e5 e-con-full e-flex e-con e-parent\" data-id=\"2d4a1e5\" data-element_type=\"container\">\n\t\t<div class=\"elementor-element elementor-element-71e68bb e-con-full e-flex e-con e-child\" data-id=\"71e68bb\" data-element_type=\"container\" data-settings=\"{&quot;background_background&quot;:&quot;classic&quot;}\">\n\t\t\t\t<div class=\"elementor-element elementor-element-3115d2d animated-slow elementor-invisible elementor-widget elementor-widget-Person Widget\" data-id=\"3115d2d\" data-element_type=\"widget\" data-settings=\"{&quot;_animation&quot;:&quot;fadeIn&quot;}\" data-widget_type=\"Person Widget.default\">\n\t\t\t\t<div class=\"elementor-widget-container\">\n\t\t\t\t\t\n        <div class=\"min-h-[295px] xl:min-h-[530px] h-full\">\n            <div class=\"px-[42px] pt-[42px] pb-[25px] xl:px-[140px] xl:pt-[105px] xl:pb-[76px] flex flex-col justify-between gap-[10px] xl:gap-[40px] h-full\">\n                <div class=\"text-[24px] leading-[28px] tracking-m50 font-light lg:font-normal text-white lg:text-[36px] lg:leading-[42px] max-w-[200px] xl:max-w-[344px]\"><p>Do you want to sell plot or talk about other cooperation opportunities?<\/p><\/div>\n                <div class=\"flex flex-col gap-[10px]\">\n                    <p class=\"hidden xl:block font-semibold text-[12px] lg:text-[18px] text-white leading-[18px] lg:leading-[24px]\">Justyna Cymerman <br \/><span class=\"font-light\">Urban Department Director<\/span><\/p>\n                                            <a href=\"mailto:j.cymerman@greenfields.pl\" class=\"text-[18px] leading-[33px] lg:text-[30px] lg:leading-[24px] font-semibold text-white\">j.cymerman@greenfields.pl<\/a>\n                                    <\/div>\n\n                            <\/div>\n        <\/div>\n        \t\t\t\t<\/div>\n\t\t\t\t<\/div>\n\t\t\t\t<\/div>\n\t\t<div class=\"elementor-element elementor-element-6520204 e-con-full e-flex e-con e-child\" data-id=\"6520204\" data-element_type=\"container\" data-settings=\"{&quot;background_background&quot;:&quot;classic&quot;}\">\n\t\t\t\t<div class=\"elementor-element elementor-element-63bc086 animated-slow elementor-invisible elementor-widget elementor-widget-Person Widget\" data-id=\"63bc086\" data-element_type=\"widget\" data-settings=\"{&quot;_animation&quot;:&quot;fadeIn&quot;}\" data-widget_type=\"Person Widget.default\">\n\t\t\t\t<div class=\"elementor-widget-container\">\n\t\t\t\t\t\n        <div class=\"min-h-[295px] xl:min-h-[530px] h-full\">\n            <div class=\"px-[42px] pt-[42px] pb-[25px] xl:px-[140px] xl:pt-[105px] xl:pb-[76px] flex flex-col justify-between gap-[10px] xl:gap-[40px] h-full\">\n                <div class=\"text-[24px] leading-[28px] tracking-m50 font-light lg:font-normal text-white lg:text-[36px] lg:leading-[42px] max-w-[200px] xl:max-w-[344px]\"><p>Do you need land for your expansion project?<\/p><\/div>\n                <div class=\"flex flex-col gap-[10px]\">\n                    <p class=\"hidden xl:block font-semibold text-[12px] lg:text-[18px] text-white leading-[18px] lg:leading-[24px]\">Micha\u0142 R\u00f3\u017aycki <br \/><span class=\"font-light\">Land Department Director<\/span><\/p>\n                                            <a href=\"mailto:m.rozycki@greenfields.pl\" class=\"text-[18px] leading-[33px] lg:text-[30px] lg:leading-[24px] font-semibold text-white\">m.rozycki@greenfields.pl<\/a>\n                                    <\/div>\n\n                            <\/div>\n        <\/div>\n        \t\t\t\t<\/div>\n\t\t\t\t<\/div>\n\t\t\t\t<\/div>\n\t\t\t\t<\/div>\n\t\t<div class=\"elementor-element elementor-element-ed335e1 e-flex e-con-boxed e-con e-parent\" data-id=\"ed335e1\" data-element_type=\"container\">\n\t\t\t\t\t<div class=\"e-con-inner\">\n\t\t\t\t<div class=\"elementor-element elementor-element-2fb1072 elementor-widget elementor-widget-text-editor\" data-id=\"2fb1072\" data-element_type=\"widget\" data-widget_type=\"text-editor.default\">\n\t\t\t\t<div class=\"elementor-widget-container\">\n\t\t\t\t\t\t\t\t\t<h3 style=\"text-align: center;\">For further information about the plots <br \/>or business opportunities, <br \/>please email the above address <br \/>or fill in the form below:<\/h3>\t\t\t\t\t\t\t\t<\/div>\n\t\t\t\t<\/div>\n\t\t\t\t\t<\/div>\n\t\t\t\t<\/div>\n\t\t<div class=\"elementor-element elementor-element-3abc0cb e-con-full form-container e-flex e-con e-parent\" data-id=\"3abc0cb\" data-element_type=\"container\">\n\t\t\t\t<div class=\"elementor-element elementor-element-8ced60a elementor-button-align-center elementor-widget__width-initial form elementor-widget elementor-widget-form\" data-id=\"8ced60a\" data-element_type=\"widget\" data-settings=\"{&quot;step_next_label&quot;:&quot;Next&quot;,&quot;step_previous_label&quot;:&quot;Previous&quot;,&quot;_animation&quot;:&quot;none&quot;,&quot;button_width&quot;:&quot;100&quot;,&quot;step_type&quot;:&quot;number_text&quot;,&quot;step_icon_shape&quot;:&quot;circle&quot;}\" data-widget_type=\"form.default\">\n\t\t\t\t<div class=\"elementor-widget-container\">\n\t\t\t\t\t\t\t<form class=\"elementor-form\" method=\"post\" name=\"Contact form\">\n\t\t\t<input type=\"hidden\" name=\"post_id\" value=\"378\"\/>\n\t\t\t<input type=\"hidden\" name=\"form_id\" value=\"8ced60a\"\/>\n\t\t\t<input type=\"hidden\" name=\"referer_title\" value=\"Contact\" \/>\n\n\t\t\t\t\t\t\t<input type=\"hidden\" name=\"queried_id\" value=\"378\"\/>\n\t\t\t\n\t\t\t<div class=\"elementor-form-fields-wrapper elementor-labels-\">\n\t\t\t\t\t\t\t\t<div class=\"elementor-field-type-text elementor-field-group elementor-column elementor-field-group-name elementor-col-100 elementor-field-required\">\n\t\t\t\t\t\t\t\t\t\t\t\t\t<input size=\"1\" type=\"text\" name=\"form_fields[name]\" id=\"form-field-name\" class=\"elementor-field elementor-size-sm  elementor-field-textual\" placeholder=\"* Name and surname\" required=\"required\">\n\t\t\t\t\t\t\t\t\t\t\t<\/div>\n\t\t\t\t\t\t\t\t<div class=\"elementor-field-type-tel elementor-field-group elementor-column elementor-field-group-field_47e07da elementor-col-100 elementor-field-required\">\n\t\t\t\t\t\t\t<input size=\"1\" type=\"tel\" name=\"form_fields[field_47e07da]\" id=\"form-field-field_47e07da\" class=\"elementor-field elementor-size-sm  elementor-field-textual\" placeholder=\"* Phone number\" required=\"required\" pattern=\"[0-9()#&amp;+*-=.]+\" title=\"Only numbers and phone characters (#, -, *, etc) are accepted.\">\n\n\t\t\t\t\t\t<\/div>\n\t\t\t\t\t\t\t\t<div class=\"elementor-field-type-email elementor-field-group elementor-column elementor-field-group-field_de60139 elementor-col-100 elementor-field-required\">\n\t\t\t\t\t\t\t\t\t\t\t\t\t<input size=\"1\" type=\"email\" name=\"form_fields[field_de60139]\" id=\"form-field-field_de60139\" class=\"elementor-field elementor-size-sm  elementor-field-textual\" placeholder=\"* E-mail\" required=\"required\">\n\t\t\t\t\t\t\t\t\t\t\t<\/div>\n\t\t\t\t\t\t\t\t<div class=\"elementor-field-type-text elementor-field-group elementor-column elementor-field-group-field_ae3b906 elementor-col-100\">\n\t\t\t\t\t\t\t\t\t\t\t\t\t<input size=\"1\" type=\"text\" name=\"form_fields[field_ae3b906]\" id=\"form-field-field_ae3b906\" class=\"elementor-field elementor-size-sm  elementor-field-textual\" placeholder=\"Company\">\n\t\t\t\t\t\t\t\t\t\t\t<\/div>\n\t\t\t\t\t\t\t\t<div class=\"elementor-field-type-textarea elementor-field-group elementor-column elementor-field-group-field_9a6ed9d elementor-col-100 elementor-field-required\">\n\t\t\t\t\t<textarea class=\"elementor-field-textual elementor-field  elementor-size-sm\" name=\"form_fields[field_9a6ed9d]\" id=\"form-field-field_9a6ed9d\" rows=\"9\" placeholder=\"* Please specify the type of land or information you require\" required=\"required\"><\/textarea>\t\t\t\t<\/div>\n\t\t\t\t\t\t\t\t<div class=\"elementor-field-type-html elementor-field-group elementor-column elementor-field-group-field_5730d98 elementor-col-100\">\n\t\t\t\t\t<span class=\"additional\">* Required<\/span>\t\t\t\t<\/div>\n\t\t\t\t\t\t\t\t<div class=\"elementor-field-type-html elementor-field-group elementor-column elementor-field-group-field_5984156 elementor-col-100\">\n\t\t\t\t\t<input type=\"checkbox\" id=\"checkbox\" required \/>\n<label for=\"checkbox\">I consent to the processing of personal data contained in the form by Greenfields RE sp. z o.o. with its registered office in Warsaw, Pl. Pi\u0142sudskiego 1, 00-078 Warsaw, in order to provide the requested information and contact. The principles of processing and information about the administrator can be found <a href=\"https:\/\/greenfields.pl\/en\/privacy-policy\/\">here<\/a>.<\/label>\t\t\t\t<\/div>\n\t\t\t\t\t\t\t\t<div class=\"elementor-field-type-recaptcha_v3 elementor-field-group elementor-column elementor-field-group-field_e1aac9d elementor-col-100 recaptcha_v3-bottomleft\">\n\t\t\t\t\t<div class=\"elementor-field\" id=\"form-field-field_e1aac9d\"><div class=\"elementor-g-recaptcha\" data-sitekey=\"6Lellg4qAAAAANoJ4isRSQT5fQwUQMfVv3bjyAl3\" data-type=\"v3\" data-action=\"Form\" data-badge=\"bottomleft\" data-size=\"invisible\"><\/div><\/div>\t\t\t\t<\/div>\n\t\t\t\t\t\t\t\t<div class=\"elementor-field-group elementor-column elementor-field-type-submit elementor-col-100 e-form__buttons\">\n\t\t\t\t\t<button class=\"elementor-button elementor-size-sm\" type=\"submit\">\n\t\t\t\t\t\t<span class=\"elementor-button-content-wrapper\">\n\t\t\t\t\t\t\t\t\t\t\t\t\t\t\t\t\t\t\t\t\t\t<span class=\"elementor-button-text\">Send<\/span>\n\t\t\t\t\t\t\t\t\t\t\t\t\t<\/span>\n\t\t\t\t\t<\/button>\n\t\t\t\t<\/div>\n\t\t\t<\/div>\n\t\t<\/form>\n\t\t\t\t\t\t<\/div>\n\t\t\t\t<\/div>\n\t\t\t\t<\/div>\n\t\t\t\t<\/div>\n\t\t","protected":false},"excerpt":{"rendered":"<p>Contact us Do you wantto sell plotor talk aboutother opportunities? \u00a0 +48 (22) 3976900office@greenfields.pl \u00a0 Metropolitan Office Buildingpl. Pi\u0142sudskiego 100-078 Warsaw Do you want to sell plot or talk about other cooperation opportunities? Justyna Cymerman Urban Department Director j.cymerman@greenfields.pl Do you need land for your expansion project? Micha\u0142 R\u00f3\u017aycki Land Department Director m.rozycki@greenfields.pl For further [&hellip;]<\/p>\n","protected":false},"author":3,"featured_media":0,"parent":0,"menu_order":0,"comment_status":"closed","ping_status":"closed","template":"","meta":{"_acf_changed":false,"_seopress_robots_primary_cat":"","_seopress_titles_title":"","_seopress_titles_desc":"","_seopress_robots_index":"","footnotes":""},"class_list":["post-378","page","type-page","status-publish","hentry"],"acf":[],"_links":{"self":[{"href":"https:\/\/greenfields.pl\/en\/wp-json\/wp\/v2\/pages\/378","targetHints":{"allow":["GET"]}}],"collection":[{"href":"https:\/\/greenfields.pl\/en\/wp-json\/wp\/v2\/pages"}],"about":[{"href":"https:\/\/greenfields.pl\/en\/wp-json\/wp\/v2\/types\/page"}],"author":[{"embeddable":true,"href":"https:\/\/greenfields.pl\/en\/wp-json\/wp\/v2\/users\/3"}],"replies":[{"embeddable":true,"href":"https:\/\/greenfields.pl\/en\/wp-json\/wp\/v2\/comments?post=378"}],"version-history":[{"count":42,"href":"https:\/\/greenfields.pl\/en\/wp-json\/wp\/v2\/pages\/378\/revisions"}],"predecessor-version":[{"id":23571,"href":"https:\/\/greenfields.pl\/en\/wp-json\/wp\/v2\/pages\/378\/revisions\/23571"}],"wp:attachment":[{"href":"https:\/\/greenfields.pl\/en\/wp-json\/wp\/v2\/media?parent=378"}],"curies":[{"name":"wp","href":"https:\/\/api.w.org\/{rel}","templated":true}]}}